{"id":172,"date":"2024-01-07T12:17:46","date_gmt":"2024-01-07T12:17:46","guid":{"rendered":"https:\/\/xn--bodenheizungfrsen-3qb.ch\/?page_id=172"},"modified":"2024-01-26T10:40:18","modified_gmt":"2024-01-26T10:40:18","slug":"referenzen","status":"publish","type":"page","link":"https:\/\/xn--bodenheizungfrsen-3qb.ch\/?page_id=172","title":{"rendered":"Referenzen"},"content":{"rendered":"\t\t<div data-elementor-type=\"wp-page\" data-elementor-id=\"172\" class=\"elementor elementor-172\">\n\t\t\t\t<div class=\"elementor-element elementor-element-868cf91 e-flex e-con-boxed e-con e-parent\" data-id=\"868cf91\" data-element_type=\"container\">\n\t\t\t\t\t<div class=\"e-con-inner\">\n\t\t\t\t<div class=\"elementor-element elementor-element-5168e44 elementor-widget elementor-widget-text-editor\" data-id=\"5168e44\" data-element_type=\"widget\" data-widget_type=\"text-editor.default\">\n\t\t\t\t<div class=\"elementor-widget-container\">\n\t\t\t\t\t\t\t\t\t<h3><strong>Diese Seite ist noch im Aufbau<\/strong><\/h3><h5>Bis die Seite erstellt ist, Fragen Sie nach oder\u00a0<\/h5>\t\t\t\t\t\t\t\t<\/div>\n\t\t\t\t<\/div>\n\t\t\t\t<div class=\"elementor-element elementor-element-0c6b8e3 elementor-widget elementor-widget-text-editor\" data-id=\"0c6b8e3\" data-element_type=\"widget\" data-widget_type=\"text-editor.default\">\n\t\t\t\t<div class=\"elementor-widget-container\">\n\t\t\t\t\t\t\t\t\t<h3><a href=\"https:\/\/www.google.ch\/search?q=bhf+system&amp;sca_esv=601700211&amp;source=hp&amp;ei=YoqzZeGSNcuni-gPiuKh6A8&amp;iflsig=ANes7DEAAAAAZbOYcjxusdqM6f1w3aXoTYTgnOPQNI-e&amp;ved=0ahUKEwjhy-yS7fqDAxXL0wIHHQpxCP0Q4dUDCA0&amp;uact=5&amp;oq=bhf+system&amp;gs_lp=Egdnd3Mtd2l6IgpiaGYgc3lzdGVtMgsQLhiABBjHARivATIGEAAYFhgeMgYQABgWGB4yBhAAGBYYHjIGEAAYFhgeSKYwUOcKWLsscAF4AJABAJgBvgGgAeoKqgEDMS45uAEDyAEA-AEBqAIKwgIQEAAYAxiPARjlAhjqAhiMA8ICEBAuGAMYjwEY5QIY6gIYjAPCAgsQABiABBixAxiDAcICERAuGIAEGLEDGIMBGMcBGNEDwgILEC4YgAQYsQMYgwHCAgUQABiABMICDhAuGIAEGIoFGLEDGIMBwgIIEC4YgAQYsQPCAggQABiABBixA8ICBBAAGAPCAgsQLhiABBjHARjRA8ICCxAuGK8BGMcBGIAEwgIHEAAYgAQYCsICChAAGIAEGAoYsQPCAg0QLhiABBgKGMcBGK8BwgINEC4YgAQYxwEYrwEYCsICCBAAGBYYHhgK&amp;sclient=gws-wiz#ip=1&amp;lrd=0x479aa9638b23ae8d:0xec430996ec4f3a22,1,,,,\">Lesen Sie unsere Google Bewertungen<\/a><\/h3>\t\t\t\t\t\t\t\t<\/div>\n\t\t\t\t<\/div>\n\t\t\t\t<div class=\"elementor-element elementor-element-55c578f elementor-widget elementor-widget-text-editor\" data-id=\"55c578f\" data-element_type=\"widget\" data-widget_type=\"text-editor.default\">\n\t\t\t\t<div class=\"elementor-widget-container\">\n\t\t\t\t\t\t\t\t\t<h4><strong>Copyright \u00a9 All rights reserved by<\/strong><\/h4><h4><strong>Thomas Caspar<\/strong><\/h4>\t\t\t\t\t\t\t\t<\/div>\n\t\t\t\t<\/div>\n\t\t\t\t\t<\/div>\n\t\t\t\t<\/div>\n\t\t\t\t<\/div>\n\t\t","protected":false},"excerpt":{"rendered":"<p>Diese Seite ist noch im Aufbau Bis die Seite erstellt ist, Fragen Sie nach oder\u00a0 Lesen Sie unsere Google Bewertungen Copyright \u00a9 All rights reserved by Thomas Caspar<\/p>\n","protected":false},"author":1,"featured_media":216,"parent":0,"menu_order":0,"comment_status":"closed","ping_status":"closed","template":"elementor_header_footer","meta":{"_uag_custom_page_level_css":"","footnotes":""},"class_list":["post-172","page","type-page","status-publish","has-post-thumbnail","hentry"],"yoast_head":"<!-- This site is optimized with the Yoast SEO plugin v25.8 - https:\/\/yoast.com\/wordpress\/plugins\/seo\/ -->\n<title>Referenzen - BODENHEIZUNGFR\u00c4SEN<\/title>\n<meta name=\"robots\" content=\"index, follow, max-snippet:-1, max-image-preview:large, max-video-preview:-1\" \/>\n<link rel=\"canonical\" href=\"https:\/\/xn--bodenheizungfrsen-3qb.ch\/?page_id=172\" \/>\n<meta property=\"og:locale\" content=\"de_DE\" \/>\n<meta property=\"og:type\" content=\"article\" \/>\n<meta property=\"og:title\" content=\"Referenzen - BODENHEIZUNGFR\u00c4SEN\" \/>\n<meta property=\"og:description\" content=\"Diese Seite ist noch im Aufbau Bis die Seite erstellt ist, Fragen Sie nach oder\u00a0 Lesen Sie unsere Google Bewertungen Copyright \u00a9 All rights reserved by Thomas Caspar\" \/>\n<meta property=\"og:url\" content=\"https:\/\/xn--bodenheizungfrsen-3qb.ch\/?page_id=172\" \/>\n<meta property=\"og:site_name\" content=\"BODENHEIZUNGFR\u00c4SEN\" \/>\n<meta property=\"article:modified_time\" content=\"2024-01-26T10:40:18+00:00\" \/>\n<meta property=\"og:image\" content=\"https:\/\/xn--bodenheizungfrsen-3qb.ch\/wp-content\/uploads\/2024\/01\/BILDER-GALERIE-scaled.jpeg\" \/>\n\t<meta property=\"og:image:width\" content=\"2560\" \/>\n\t<meta property=\"og:image:height\" content=\"1435\" \/>\n\t<meta property=\"og:image:type\" content=\"image\/jpeg\" \/>\n<meta name=\"twitter:card\" content=\"summary_large_image\" \/>\n<meta name=\"twitter:label1\" content=\"Gesch\u00e4tzte Lesezeit\" \/>\n\t<meta name=\"twitter:data1\" content=\"1\u00a0Minute\" \/>\n<script type=\"application\/ld+json\" class=\"yoast-schema-graph\">{\"@context\":\"https:\/\/schema.org\",\"@graph\":[{\"@type\":\"WebPage\",\"@id\":\"https:\/\/xn--bodenheizungfrsen-3qb.ch\/?page_id=172\",\"url\":\"https:\/\/xn--bodenheizungfrsen-3qb.ch\/?page_id=172\",\"name\":\"Referenzen - BODENHEIZUNGFR\u00c4SEN\",\"isPartOf\":{\"@id\":\"https:\/\/xn--bodenheizungfrsen-3qb.ch\/#website\"},\"primaryImageOfPage\":{\"@id\":\"https:\/\/xn--bodenheizungfrsen-3qb.ch\/?page_id=172#primaryimage\"},\"image\":{\"@id\":\"https:\/\/xn--bodenheizungfrsen-3qb.ch\/?page_id=172#primaryimage\"},\"thumbnailUrl\":\"https:\/\/xn--bodenheizungfrsen-3qb.ch\/wp-content\/uploads\/2024\/01\/BILDER-GALERIE-scaled.jpeg\",\"datePublished\":\"2024-01-07T12:17:46+00:00\",\"dateModified\":\"2024-01-26T10:40:18+00:00\",\"breadcrumb\":{\"@id\":\"https:\/\/xn--bodenheizungfrsen-3qb.ch\/?page_id=172#breadcrumb\"},\"inLanguage\":\"de\",\"potentialAction\":[{\"@type\":\"ReadAction\",\"target\":[\"https:\/\/xn--bodenheizungfrsen-3qb.ch\/?page_id=172\"]}]},{\"@type\":\"ImageObject\",\"inLanguage\":\"de\",\"@id\":\"https:\/\/xn--bodenheizungfrsen-3qb.ch\/?page_id=172#primaryimage\",\"url\":\"https:\/\/xn--bodenheizungfrsen-3qb.ch\/wp-content\/uploads\/2024\/01\/BILDER-GALERIE-scaled.jpeg\",\"contentUrl\":\"https:\/\/xn--bodenheizungfrsen-3qb.ch\/wp-content\/uploads\/2024\/01\/BILDER-GALERIE-scaled.jpeg\",\"width\":2560,\"height\":1435},{\"@type\":\"BreadcrumbList\",\"@id\":\"https:\/\/xn--bodenheizungfrsen-3qb.ch\/?page_id=172#breadcrumb\",\"itemListElement\":[{\"@type\":\"ListItem\",\"position\":1,\"name\":\"Startseite\",\"item\":\"https:\/\/xn--bodenheizungfrsen-3qb.ch\/\"},{\"@type\":\"ListItem\",\"position\":2,\"name\":\"Referenzen\"}]},{\"@type\":\"WebSite\",\"@id\":\"https:\/\/xn--bodenheizungfrsen-3qb.ch\/#website\",\"url\":\"https:\/\/xn--bodenheizungfrsen-3qb.ch\/\",\"name\":\"BODENHEIZUNGFR\u00c4SEN\",\"description\":\"BHF-System bietet ein innovatives Einfr\u00e4ssystem f\u00fcr fast jeden Untergrund. Wir sind die Profis wenn es um eingefr\u00e4ste Fussbodenheizung geht.\",\"publisher\":{\"@id\":\"https:\/\/xn--bodenheizungfrsen-3qb.ch\/#organization\"},\"potentialAction\":[{\"@type\":\"SearchAction\",\"target\":{\"@type\":\"EntryPoint\",\"urlTemplate\":\"https:\/\/xn--bodenheizungfrsen-3qb.ch\/?s={search_term_string}\"},\"query-input\":{\"@type\":\"PropertyValueSpecification\",\"valueRequired\":true,\"valueName\":\"search_term_string\"}}],\"inLanguage\":\"de\"},{\"@type\":\"Organization\",\"@id\":\"https:\/\/xn--bodenheizungfrsen-3qb.ch\/#organization\",\"name\":\"BODENHEIZUNGFR\u00c4SEN\",\"url\":\"https:\/\/xn--bodenheizungfrsen-3qb.ch\/\",\"logo\":{\"@type\":\"ImageObject\",\"inLanguage\":\"de\",\"@id\":\"https:\/\/xn--bodenheizungfrsen-3qb.ch\/#\/schema\/logo\/image\/\",\"url\":\"https:\/\/xn--bodenheizungfrsen-3qb.ch\/wp-content\/uploads\/2024\/01\/cropped-Screenshot-LOGO-1.png\",\"contentUrl\":\"https:\/\/xn--bodenheizungfrsen-3qb.ch\/wp-content\/uploads\/2024\/01\/cropped-Screenshot-LOGO-1.png\",\"width\":1269,\"height\":578,\"caption\":\"BODENHEIZUNGFR\u00c4SEN\"},\"image\":{\"@id\":\"https:\/\/xn--bodenheizungfrsen-3qb.ch\/#\/schema\/logo\/image\/\"}}]}<\/script>\n<!-- \/ Yoast SEO plugin. -->","yoast_head_json":{"title":"Referenzen - BODENHEIZUNGFR\u00c4SEN","robots":{"index":"index","follow":"follow","max-snippet":"max-snippet:-1","max-image-preview":"max-image-preview:large","max-video-preview":"max-video-preview:-1"},"canonical":"https:\/\/xn--bodenheizungfrsen-3qb.ch\/?page_id=172","og_locale":"de_DE","og_type":"article","og_title":"Referenzen - BODENHEIZUNGFR\u00c4SEN","og_description":"Diese Seite ist noch im Aufbau Bis die Seite erstellt ist, Fragen Sie nach oder\u00a0 Lesen Sie unsere Google Bewertungen Copyright \u00a9 All rights reserved by Thomas Caspar","og_url":"https:\/\/xn--bodenheizungfrsen-3qb.ch\/?page_id=172","og_site_name":"BODENHEIZUNGFR\u00c4SEN","article_modified_time":"2024-01-26T10:40:18+00:00","og_image":[{"width":2560,"height":1435,"url":"https:\/\/xn--bodenheizungfrsen-3qb.ch\/wp-content\/uploads\/2024\/01\/BILDER-GALERIE-scaled.jpeg","type":"image\/jpeg"}],"twitter_card":"summary_large_image","twitter_misc":{"Gesch\u00e4tzte Lesezeit":"1\u00a0Minute"},"schema":{"@context":"https:\/\/schema.org","@graph":[{"@type":"WebPage","@id":"https:\/\/xn--bodenheizungfrsen-3qb.ch\/?page_id=172","url":"https:\/\/xn--bodenheizungfrsen-3qb.ch\/?page_id=172","name":"Referenzen - BODENHEIZUNGFR\u00c4SEN","isPartOf":{"@id":"https:\/\/xn--bodenheizungfrsen-3qb.ch\/#website"},"primaryImageOfPage":{"@id":"https:\/\/xn--bodenheizungfrsen-3qb.ch\/?page_id=172#primaryimage"},"image":{"@id":"https:\/\/xn--bodenheizungfrsen-3qb.ch\/?page_id=172#primaryimage"},"thumbnailUrl":"https:\/\/xn--bodenheizungfrsen-3qb.ch\/wp-content\/uploads\/2024\/01\/BILDER-GALERIE-scaled.jpeg","datePublished":"2024-01-07T12:17:46+00:00","dateModified":"2024-01-26T10:40:18+00:00","breadcrumb":{"@id":"https:\/\/xn--bodenheizungfrsen-3qb.ch\/?page_id=172#breadcrumb"},"inLanguage":"de","potentialAction":[{"@type":"ReadAction","target":["https:\/\/xn--bodenheizungfrsen-3qb.ch\/?page_id=172"]}]},{"@type":"ImageObject","inLanguage":"de","@id":"https:\/\/xn--bodenheizungfrsen-3qb.ch\/?page_id=172#primaryimage","url":"https:\/\/xn--bodenheizungfrsen-3qb.ch\/wp-content\/uploads\/2024\/01\/BILDER-GALERIE-scaled.jpeg","contentUrl":"https:\/\/xn--bodenheizungfrsen-3qb.ch\/wp-content\/uploads\/2024\/01\/BILDER-GALERIE-scaled.jpeg","width":2560,"height":1435},{"@type":"BreadcrumbList","@id":"https:\/\/xn--bodenheizungfrsen-3qb.ch\/?page_id=172#breadcrumb","itemListElement":[{"@type":"ListItem","position":1,"name":"Startseite","item":"https:\/\/xn--bodenheizungfrsen-3qb.ch\/"},{"@type":"ListItem","position":2,"name":"Referenzen"}]},{"@type":"WebSite","@id":"https:\/\/xn--bodenheizungfrsen-3qb.ch\/#website","url":"https:\/\/xn--bodenheizungfrsen-3qb.ch\/","name":"BODENHEIZUNGFR\u00c4SEN","description":"BHF-System bietet ein innovatives Einfr\u00e4ssystem f\u00fcr fast jeden Untergrund. Wir sind die Profis wenn es um eingefr\u00e4ste Fussbodenheizung geht.","publisher":{"@id":"https:\/\/xn--bodenheizungfrsen-3qb.ch\/#organization"},"potentialAction":[{"@type":"SearchAction","target":{"@type":"EntryPoint","urlTemplate":"https:\/\/xn--bodenheizungfrsen-3qb.ch\/?s={search_term_string}"},"query-input":{"@type":"PropertyValueSpecification","valueRequired":true,"valueName":"search_term_string"}}],"inLanguage":"de"},{"@type":"Organization","@id":"https:\/\/xn--bodenheizungfrsen-3qb.ch\/#organization","name":"BODENHEIZUNGFR\u00c4SEN","url":"https:\/\/xn--bodenheizungfrsen-3qb.ch\/","logo":{"@type":"ImageObject","inLanguage":"de","@id":"https:\/\/xn--bodenheizungfrsen-3qb.ch\/#\/schema\/logo\/image\/","url":"https:\/\/xn--bodenheizungfrsen-3qb.ch\/wp-content\/uploads\/2024\/01\/cropped-Screenshot-LOGO-1.png","contentUrl":"https:\/\/xn--bodenheizungfrsen-3qb.ch\/wp-content\/uploads\/2024\/01\/cropped-Screenshot-LOGO-1.png","width":1269,"height":578,"caption":"BODENHEIZUNGFR\u00c4SEN"},"image":{"@id":"https:\/\/xn--bodenheizungfrsen-3qb.ch\/#\/schema\/logo\/image\/"}}]}},"uagb_featured_image_src":{"full":["https:\/\/xn--bodenheizungfrsen-3qb.ch\/wp-content\/uploads\/2024\/01\/BILDER-GALERIE-scaled.jpeg",2560,1435,false],"thumbnail":["https:\/\/xn--bodenheizungfrsen-3qb.ch\/wp-content\/uploads\/2024\/01\/BILDER-GALERIE-150x150.jpeg",150,150,true],"medium":["https:\/\/xn--bodenheizungfrsen-3qb.ch\/wp-content\/uploads\/2024\/01\/BILDER-GALERIE-300x168.jpeg",300,168,true],"medium_large":["https:\/\/xn--bodenheizungfrsen-3qb.ch\/wp-content\/uploads\/2024\/01\/BILDER-GALERIE-768x430.jpeg",640,358,true],"large":["https:\/\/xn--bodenheizungfrsen-3qb.ch\/wp-content\/uploads\/2024\/01\/BILDER-GALERIE-1024x574.jpeg",640,359,true],"1536x1536":["https:\/\/xn--bodenheizungfrsen-3qb.ch\/wp-content\/uploads\/2024\/01\/BILDER-GALERIE-1536x861.jpeg",1536,861,true],"2048x2048":["https:\/\/xn--bodenheizungfrsen-3qb.ch\/wp-content\/uploads\/2024\/01\/BILDER-GALERIE-2048x1148.jpeg",2048,1148,true],"blogbee-blog":["https:\/\/xn--bodenheizungfrsen-3qb.ch\/wp-content\/uploads\/2024\/01\/BILDER-GALERIE-500x500.jpeg",500,500,true]},"uagb_author_info":{"display_name":"admin","author_link":"https:\/\/xn--bodenheizungfrsen-3qb.ch\/?author=1"},"uagb_comment_info":0,"uagb_excerpt":"Diese Seite ist noch im Aufbau Bis die Seite erstellt ist, Fragen Sie nach oder\u00a0 Lesen Sie unsere Google Bewertungen Copyright \u00a9 All rights reserved by Thomas Caspar","_links":{"self":[{"href":"https:\/\/xn--bodenheizungfrsen-3qb.ch\/index.php?rest_route=\/wp\/v2\/pages\/172","targetHints":{"allow":["GET"]}}],"collection":[{"href":"https:\/\/xn--bodenheizungfrsen-3qb.ch\/index.php?rest_route=\/wp\/v2\/pages"}],"about":[{"href":"https:\/\/xn--bodenheizungfrsen-3qb.ch\/index.php?rest_route=\/wp\/v2\/types\/page"}],"author":[{"embeddable":true,"href":"https:\/\/xn--bodenheizungfrsen-3qb.ch\/index.php?rest_route=\/wp\/v2\/users\/1"}],"replies":[{"embeddable":true,"href":"https:\/\/xn--bodenheizungfrsen-3qb.ch\/index.php?rest_route=%2Fwp%2Fv2%2Fcomments&post=172"}],"version-history":[{"count":22,"href":"https:\/\/xn--bodenheizungfrsen-3qb.ch\/index.php?rest_route=\/wp\/v2\/pages\/172\/revisions"}],"predecessor-version":[{"id":1743,"href":"https:\/\/xn--bodenheizungfrsen-3qb.ch\/index.php?rest_route=\/wp\/v2\/pages\/172\/revisions\/1743"}],"wp:featuredmedia":[{"embeddable":true,"href":"https:\/\/xn--bodenheizungfrsen-3qb.ch\/index.php?rest_route=\/wp\/v2\/media\/216"}],"wp:attachment":[{"href":"https:\/\/xn--bodenheizungfrsen-3qb.ch\/index.php?rest_route=%2Fwp%2Fv2%2Fmedia&parent=172"}],"curies":[{"name":"wp","href":"https:\/\/api.w.org\/{rel}","templated":true}]}}