{"id":168,"date":"2024-01-07T12:16:39","date_gmt":"2024-01-07T12:16:39","guid":{"rendered":"https:\/\/xn--bodenheizungfrsen-3qb.ch\/?page_id=168"},"modified":"2024-01-26T12:14:46","modified_gmt":"2024-01-26T12:14:46","slug":"team","status":"publish","type":"page","link":"https:\/\/xn--bodenheizungfrsen-3qb.ch\/?page_id=168","title":{"rendered":"Team"},"content":{"rendered":"\t\t<div data-elementor-type=\"wp-page\" data-elementor-id=\"168\" class=\"elementor elementor-168\">\n\t\t\t\t<div class=\"elementor-element elementor-element-7b1710c e-flex e-con-boxed e-con e-parent\" data-id=\"7b1710c\" data-element_type=\"container\">\n\t\t\t\t\t<div class=\"e-con-inner\">\n\t\t<div class=\"elementor-element elementor-element-9d45ba5 e-con-full e-flex e-con e-child\" data-id=\"9d45ba5\" data-element_type=\"container\">\n\t\t\t\t<div class=\"elementor-element elementor-element-4cd2f0b elementor-widget elementor-widget-text-editor\" data-id=\"4cd2f0b\" data-element_type=\"widget\" data-widget_type=\"text-editor.default\">\n\t\t\t\t<div class=\"elementor-widget-container\">\n\t\t\t\t\t\t\t\t\t<h3><strong>Thomas Caspar<\/strong><\/h3><h5>Gesch\u00e4ftf\u00fchrer \/ Firmeninhaber<\/h5><h5>EFZ Plattenleger<\/h5><h5>Zertifizierter Drohnenpilot<\/h5><h5>Webmaster<\/h5><h5>\u00dcber mi:<\/h5><h5>Der Ma mit der Johralenger Baustellen erfahrig. ma ka s\u00e4ga vu A-Z in verschiedana bereich.\u00a0<\/h5><h4><strong>Mis Motto:<\/strong><\/h4><h4><strong>Der Kreative T\u00fcftler vum dienst. I han immer a guati Idee.<\/strong><\/h4><h5>Kontakt:<\/h5><h5><a href=\"mailto:thomas.caspar@bhf-system.ch\">thomas.caspar@bhf-system.ch<\/a><\/h5><h5>Telefon: 079 409 75 75<\/h5>\t\t\t\t\t\t\t\t<\/div>\n\t\t\t\t<\/div>\n\t\t\t\t<\/div>\n\t\t<div class=\"elementor-element elementor-element-7a6ff73 e-con-full e-flex e-con e-child\" data-id=\"7a6ff73\" data-element_type=\"container\">\n\t\t\t\t<div class=\"elementor-element elementor-element-68087e3 elementor-widget elementor-widget-image\" data-id=\"68087e3\" data-element_type=\"widget\" data-widget_type=\"image.default\">\n\t\t\t\t<div class=\"elementor-widget-container\">\n\t\t\t\t\t\t\t\t\t\t\t\t\t\t\t<img fetchpriority=\"high\" decoding=\"async\" width=\"500\" height=\"500\" src=\"https:\/\/xn--bodenheizungfrsen-3qb.ch\/wp-content\/uploads\/2024\/01\/20220706_194624-500x500.jpg\" class=\"attachment-blogbee-blog size-blogbee-blog wp-image-1487\" alt=\"\" srcset=\"https:\/\/xn--bodenheizungfrsen-3qb.ch\/wp-content\/uploads\/2024\/01\/20220706_194624-500x500.jpg 500w, https:\/\/xn--bodenheizungfrsen-3qb.ch\/wp-content\/uploads\/2024\/01\/20220706_194624-150x150.jpg 150w\" sizes=\"(max-width: 500px) 100vw, 500px\" \/>\t\t\t\t\t\t\t\t\t\t\t\t\t\t\t<\/div>\n\t\t\t\t<\/div>\n\t\t\t\t<\/div>\n\t\t\t\t\t<\/div>\n\t\t\t\t<\/div>\n\t\t<div class=\"elementor-element elementor-element-d7251eb e-flex e-con-boxed e-con e-parent\" data-id=\"d7251eb\" data-element_type=\"container\">\n\t\t\t\t\t<div class=\"e-con-inner\">\n\t\t<div class=\"elementor-element elementor-element-a04ca35 e-con-full e-flex e-con e-child\" data-id=\"a04ca35\" data-element_type=\"container\">\n\t\t\t\t<div class=\"elementor-element elementor-element-ea458d1 elementor-widget elementor-widget-image\" data-id=\"ea458d1\" data-element_type=\"widget\" data-widget_type=\"image.default\">\n\t\t\t\t<div class=\"elementor-widget-container\">\n\t\t\t\t\t\t\t\t\t\t\t\t\t\t\t<img decoding=\"async\" width=\"500\" height=\"500\" src=\"https:\/\/xn--bodenheizungfrsen-3qb.ch\/wp-content\/uploads\/2024\/01\/Screenshot-6-1-500x500.png\" class=\"attachment-blogbee-blog size-blogbee-blog wp-image-191\" alt=\"\" srcset=\"https:\/\/xn--bodenheizungfrsen-3qb.ch\/wp-content\/uploads\/2024\/01\/Screenshot-6-1-500x500.png 500w, https:\/\/xn--bodenheizungfrsen-3qb.ch\/wp-content\/uploads\/2024\/01\/Screenshot-6-1-150x150.png 150w\" sizes=\"(max-width: 500px) 100vw, 500px\" \/>\t\t\t\t\t\t\t\t\t\t\t\t\t\t\t<\/div>\n\t\t\t\t<\/div>\n\t\t\t\t<\/div>\n\t\t<div class=\"elementor-element elementor-element-211840a e-con-full e-flex e-con e-child\" data-id=\"211840a\" data-element_type=\"container\">\n\t\t\t\t<div class=\"elementor-element elementor-element-2903105 elementor-widget elementor-widget-text-editor\" data-id=\"2903105\" data-element_type=\"widget\" data-widget_type=\"text-editor.default\">\n\t\t\t\t<div class=\"elementor-widget-container\">\n\t\t\t\t\t\t\t\t\t<h3><strong>Christian Milota<\/strong><\/h3><h5>Gesch\u00e4ftsf\u00fchrer \/ Firmeninhaber<\/h5><h5>EFZ Heizungsfachmann \/ Geb\u00e4udetechniker<\/h5><h5>EFZ Plattenleger<\/h5><h5>\u00dcber mi:<\/h5><h5>I bin au Gspunna guat in verschidana Bereich und wers nit glaubt muas mi angaschiera.<\/h5><h4><strong>Mis Motto: <\/strong><\/h4><h4><strong>Hyperinteligent muasch nit si, schlaui l\u00f6siga t\u00fcants au!<\/strong><\/h4><h5>Kontakt:<\/h5><h5><a href=\"mailto:christian.milota@bhf-system.ch\">christian.milota@bhf-system.ch<\/a><\/h5><h5>Telefon: 078 843 72 40<\/h5>\t\t\t\t\t\t\t\t<\/div>\n\t\t\t\t<\/div>\n\t\t\t\t<\/div>\n\t\t\t\t\t<\/div>\n\t\t\t\t<\/div>\n\t\t<div class=\"elementor-element elementor-element-bf592a8 e-flex e-con-boxed e-con e-parent\" data-id=\"bf592a8\" data-element_type=\"container\">\n\t\t\t\t\t<div class=\"e-con-inner\">\n\t\t<div class=\"elementor-element elementor-element-0b69689 e-con-full e-flex e-con e-child\" data-id=\"0b69689\" data-element_type=\"container\">\n\t\t\t\t<div class=\"elementor-element elementor-element-9c3dec1 elementor-widget elementor-widget-text-editor\" data-id=\"9c3dec1\" data-element_type=\"widget\" data-widget_type=\"text-editor.default\">\n\t\t\t\t<div class=\"elementor-widget-container\">\n\t\t\t\t\t\t\t\t\t<h3><strong>Sidney Caspar<\/strong><\/h3><h5>Berufsfachmann<\/h5><h5>EFZ Heizungsfachman \/ Geb\u00e4udetechniker<\/h5><h5>Angelernter Schreiner<\/h5><h5>\u00dcber mi:<\/h5><h5>Mi bringt n\u00fct so schnell us der Ruah.<\/h5><h4><strong>Mis Motto:<\/strong><\/h4><h4><strong>S\u00e4g was wotsch und i setz es um.\u00a0<\/strong><\/h4><h5>Al\u00fcta muasch am Chef<\/h5><p>\u00a0<\/p>\t\t\t\t\t\t\t\t<\/div>\n\t\t\t\t<\/div>\n\t\t\t\t<\/div>\n\t\t<div class=\"elementor-element elementor-element-8e0c127 e-con-full e-flex e-con e-child\" data-id=\"8e0c127\" data-element_type=\"container\">\n\t\t\t\t<div class=\"elementor-element elementor-element-7396739 elementor-widget elementor-widget-image\" data-id=\"7396739\" data-element_type=\"widget\" data-widget_type=\"image.default\">\n\t\t\t\t<div class=\"elementor-widget-container\">\n\t\t\t\t\t\t\t\t\t\t\t\t\t\t\t<img decoding=\"async\" width=\"500\" height=\"500\" src=\"https:\/\/xn--bodenheizungfrsen-3qb.ch\/wp-content\/uploads\/2024\/01\/wartung-768x512-1-500x500.jpg\" class=\"attachment-blogbee-blog size-blogbee-blog wp-image-920\" alt=\"\" srcset=\"https:\/\/xn--bodenheizungfrsen-3qb.ch\/wp-content\/uploads\/2024\/01\/wartung-768x512-1-500x500.jpg 500w, https:\/\/xn--bodenheizungfrsen-3qb.ch\/wp-content\/uploads\/2024\/01\/wartung-768x512-1-150x150.jpg 150w\" sizes=\"(max-width: 500px) 100vw, 500px\" \/>\t\t\t\t\t\t\t\t\t\t\t\t\t\t\t<\/div>\n\t\t\t\t<\/div>\n\t\t\t\t<\/div>\n\t\t\t\t\t<\/div>\n\t\t\t\t<\/div>\n\t\t<div class=\"elementor-element elementor-element-7310298 e-flex e-con-boxed e-con e-parent\" data-id=\"7310298\" data-element_type=\"container\">\n\t\t\t\t\t<div class=\"e-con-inner\">\n\t\t<div class=\"elementor-element elementor-element-20fab6a e-con-full e-flex e-con e-child\" data-id=\"20fab6a\" data-element_type=\"container\">\n\t\t\t\t<div class=\"elementor-element elementor-element-26607c0 elementor-widget elementor-widget-image\" data-id=\"26607c0\" data-element_type=\"widget\" data-widget_type=\"image.default\">\n\t\t\t\t<div class=\"elementor-widget-container\">\n\t\t\t\t\t\t\t\t\t\t\t\t\t\t\t<img loading=\"lazy\" decoding=\"async\" width=\"500\" height=\"500\" src=\"https:\/\/xn--bodenheizungfrsen-3qb.ch\/wp-content\/uploads\/2024\/01\/20240109_122227-500x500.jpg\" class=\"attachment-blogbee-blog size-blogbee-blog wp-image-1669\" alt=\"\" srcset=\"https:\/\/xn--bodenheizungfrsen-3qb.ch\/wp-content\/uploads\/2024\/01\/20240109_122227-500x500.jpg 500w, https:\/\/xn--bodenheizungfrsen-3qb.ch\/wp-content\/uploads\/2024\/01\/20240109_122227-150x150.jpg 150w\" sizes=\"(max-width: 500px) 100vw, 500px\" \/>\t\t\t\t\t\t\t\t\t\t\t\t\t\t\t<\/div>\n\t\t\t\t<\/div>\n\t\t\t\t<\/div>\n\t\t<div class=\"elementor-element elementor-element-881feb5 e-con-full e-flex e-con e-child\" data-id=\"881feb5\" data-element_type=\"container\">\n\t\t\t\t<div class=\"elementor-element elementor-element-1fc5f17 elementor-widget elementor-widget-text-editor\" data-id=\"1fc5f17\" data-element_type=\"widget\" data-widget_type=\"text-editor.default\">\n\t\t\t\t<div class=\"elementor-widget-container\">\n\t\t\t\t\t\t\t\t\t<h3><strong>Manuel K\u00fcttel<\/strong><\/h3><h5>Berufsfachmann<\/h5><h5>EFZ Plattenleger<\/h5><h5>\u00dcber mi:<\/h5><h5>I ston am Morga immer do.<\/h5><h4><strong>Mis Motto:<\/strong><\/h4><h4><strong>I funktioniara jo<\/strong><\/h4><h5>Al\u00fcta muasch am Chef<\/h5>\t\t\t\t\t\t\t\t<\/div>\n\t\t\t\t<\/div>\n\t\t\t\t<\/div>\n\t\t\t\t\t<\/div>\n\t\t\t\t<\/div>\n\t\t<div class=\"elementor-element elementor-element-4be366f e-flex e-con-boxed e-con e-parent\" data-id=\"4be366f\" data-element_type=\"container\">\n\t\t\t\t\t<div class=\"e-con-inner\">\n\t\t<div class=\"elementor-element elementor-element-74ecbdb e-con-full e-flex e-con e-child\" data-id=\"74ecbdb\" data-element_type=\"container\">\n\t\t\t\t<div class=\"elementor-element elementor-element-f557be6 elementor-widget elementor-widget-text-editor\" data-id=\"f557be6\" data-element_type=\"widget\" data-widget_type=\"text-editor.default\">\n\t\t\t\t<div class=\"elementor-widget-container\">\n\t\t\t\t\t\t\t\t\t<h3><strong>Ramona Milota<\/strong><\/h3><h5>EFZ Detailhandel-Fach-Verkauf<\/h5><h5>\u00dcber mi:<\/h5><h5>Dia rechti Hand vom Chef, immer parat f\u00fcr a uf gab.<\/h5><h4><strong>Mis Motto:<\/strong><\/h4><h4><strong>I schaffa jo und wenn nit isch au mol glich.<\/strong><\/h4>\t\t\t\t\t\t\t\t<\/div>\n\t\t\t\t<\/div>\n\t\t\t\t<\/div>\n\t\t<div class=\"elementor-element elementor-element-d2b8ffd e-con-full e-flex e-con e-child\" data-id=\"d2b8ffd\" data-element_type=\"container\">\n\t\t\t\t<div class=\"elementor-element elementor-element-64dbe6d elementor-widget elementor-widget-image\" data-id=\"64dbe6d\" data-element_type=\"widget\" data-widget_type=\"image.default\">\n\t\t\t\t<div class=\"elementor-widget-container\">\n\t\t\t\t\t\t\t\t\t\t\t\t\t\t\t<img loading=\"lazy\" decoding=\"async\" width=\"500\" height=\"500\" src=\"https:\/\/xn--bodenheizungfrsen-3qb.ch\/wp-content\/uploads\/2024\/01\/Screenshot_20240124_082713_Gallery-500x500.jpg\" class=\"attachment-blogbee-blog size-blogbee-blog wp-image-1656\" alt=\"\" srcset=\"https:\/\/xn--bodenheizungfrsen-3qb.ch\/wp-content\/uploads\/2024\/01\/Screenshot_20240124_082713_Gallery-500x500.jpg 500w, https:\/\/xn--bodenheizungfrsen-3qb.ch\/wp-content\/uploads\/2024\/01\/Screenshot_20240124_082713_Gallery-150x150.jpg 150w\" sizes=\"(max-width: 500px) 100vw, 500px\" \/>\t\t\t\t\t\t\t\t\t\t\t\t\t\t\t<\/div>\n\t\t\t\t<\/div>\n\t\t\t\t<\/div>\n\t\t\t\t\t<\/div>\n\t\t\t\t<\/div>\n\t\t<div class=\"elementor-element elementor-element-6fa28e1 e-flex e-con-boxed e-con e-parent\" data-id=\"6fa28e1\" data-element_type=\"container\">\n\t\t\t\t\t<div class=\"e-con-inner\">\n\t\t<div class=\"elementor-element elementor-element-f6310ea e-con-full e-flex e-con e-child\" data-id=\"f6310ea\" data-element_type=\"container\">\n\t\t\t\t<div class=\"elementor-element elementor-element-717f511 elementor-widget elementor-widget-image\" data-id=\"717f511\" data-element_type=\"widget\" data-widget_type=\"image.default\">\n\t\t\t\t<div class=\"elementor-widget-container\">\n\t\t\t\t\t\t\t\t\t\t\t\t\t\t\t<img loading=\"lazy\" decoding=\"async\" width=\"500\" height=\"500\" src=\"https:\/\/xn--bodenheizungfrsen-3qb.ch\/wp-content\/uploads\/2024\/01\/20230407_130411-500x500.jpg\" class=\"attachment-blogbee-blog size-blogbee-blog wp-image-1392\" alt=\"\" srcset=\"https:\/\/xn--bodenheizungfrsen-3qb.ch\/wp-content\/uploads\/2024\/01\/20230407_130411-500x500.jpg 500w, https:\/\/xn--bodenheizungfrsen-3qb.ch\/wp-content\/uploads\/2024\/01\/20230407_130411-150x150.jpg 150w\" sizes=\"(max-width: 500px) 100vw, 500px\" \/>\t\t\t\t\t\t\t\t\t\t\t\t\t\t\t<\/div>\n\t\t\t\t<\/div>\n\t\t\t\t<\/div>\n\t\t<div class=\"elementor-element elementor-element-06e3bb3 e-con-full e-flex e-con e-child\" data-id=\"06e3bb3\" data-element_type=\"container\">\n\t\t\t\t<div class=\"elementor-element elementor-element-8dfde32 elementor-widget elementor-widget-text-editor\" data-id=\"8dfde32\" data-element_type=\"widget\" data-widget_type=\"text-editor.default\">\n\t\t\t\t<div class=\"elementor-widget-container\">\n\t\t\t\t\t\t\t\t\t<h3><strong>Ana Steink\u00fchler<\/strong><\/h3><h5>Gelernte Fachfrau in Verschiedenen Berufen<\/h5><h5>\u00dcber mi:<\/h5><h5>Dia linki Hand vum Chef, Zust\u00e4ndig f\u00fcr Administration und guats Bertiebsklima.<\/h5><h4><strong>Mis Motto:<\/strong><\/h4><h4><strong>Frog no und i s\u00e4gs der oder s\u00e4gas der nit.<\/strong><\/h4>\t\t\t\t\t\t\t\t<\/div>\n\t\t\t\t<\/div>\n\t\t\t\t<\/div>\n\t\t\t\t\t<\/div>\n\t\t\t\t<\/div>\n\t\t\t\t<\/div>\n\t\t","protected":false},"excerpt":{"rendered":"<p>Thomas Caspar Gesch\u00e4ftf\u00fchrer \/ Firmeninhaber EFZ Plattenleger Zertifizierter Drohnenpilot Webmaster \u00dcber mi: Der Ma mit der Johralenger Baustellen erfahrig. ma ka s\u00e4ga vu A-Z in verschiedana bereich.\u00a0 Mis Motto: Der [&hellip;]<\/p>\n","protected":false},"author":1,"featured_media":1674,"parent":0,"menu_order":0,"comment_status":"closed","ping_status":"closed","template":"elementor_header_footer","meta":{"_uag_custom_page_level_css":"","footnotes":""},"class_list":["post-168","page","type-page","status-publish","has-post-thumbnail","hentry"],"yoast_head":"<!-- This site is optimized with the Yoast SEO plugin v25.8 - https:\/\/yoast.com\/wordpress\/plugins\/seo\/ -->\n<title>Team - BODENHEIZUNGFR\u00c4SEN<\/title>\n<meta name=\"robots\" content=\"index, follow, max-snippet:-1, max-image-preview:large, max-video-preview:-1\" \/>\n<link rel=\"canonical\" href=\"https:\/\/xn--bodenheizungfrsen-3qb.ch\/?page_id=168\" \/>\n<meta property=\"og:locale\" content=\"de_DE\" \/>\n<meta property=\"og:type\" content=\"article\" \/>\n<meta property=\"og:title\" content=\"Team - BODENHEIZUNGFR\u00c4SEN\" \/>\n<meta property=\"og:description\" content=\"Thomas Caspar Gesch\u00e4ftf\u00fchrer \/ Firmeninhaber EFZ Plattenleger Zertifizierter Drohnenpilot Webmaster \u00dcber mi: Der Ma mit der Johralenger Baustellen erfahrig. ma ka s\u00e4ga vu A-Z in verschiedana bereich.\u00a0 Mis Motto: Der [&hellip;]\" \/>\n<meta property=\"og:url\" content=\"https:\/\/xn--bodenheizungfrsen-3qb.ch\/?page_id=168\" \/>\n<meta property=\"og:site_name\" content=\"BODENHEIZUNGFR\u00c4SEN\" \/>\n<meta property=\"article:modified_time\" content=\"2024-01-26T12:14:46+00:00\" \/>\n<meta property=\"og:image\" content=\"https:\/\/xn--bodenheizungfrsen-3qb.ch\/wp-content\/uploads\/2024\/01\/portrait-of-construction-engineers-working-on-J9KU7NC-1024x581.png\" \/>\n\t<meta property=\"og:image:width\" content=\"1024\" \/>\n\t<meta property=\"og:image:height\" content=\"581\" \/>\n\t<meta property=\"og:image:type\" content=\"image\/png\" \/>\n<meta name=\"twitter:card\" content=\"summary_large_image\" \/>\n<meta name=\"twitter:label1\" content=\"Gesch\u00e4tzte Lesezeit\" \/>\n\t<meta name=\"twitter:data1\" content=\"3\u00a0Minuten\" \/>\n<script type=\"application\/ld+json\" class=\"yoast-schema-graph\">{\"@context\":\"https:\/\/schema.org\",\"@graph\":[{\"@type\":\"WebPage\",\"@id\":\"https:\/\/xn--bodenheizungfrsen-3qb.ch\/?page_id=168\",\"url\":\"https:\/\/xn--bodenheizungfrsen-3qb.ch\/?page_id=168\",\"name\":\"Team - BODENHEIZUNGFR\u00c4SEN\",\"isPartOf\":{\"@id\":\"https:\/\/xn--bodenheizungfrsen-3qb.ch\/#website\"},\"primaryImageOfPage\":{\"@id\":\"https:\/\/xn--bodenheizungfrsen-3qb.ch\/?page_id=168#primaryimage\"},\"image\":{\"@id\":\"https:\/\/xn--bodenheizungfrsen-3qb.ch\/?page_id=168#primaryimage\"},\"thumbnailUrl\":\"https:\/\/xn--bodenheizungfrsen-3qb.ch\/wp-content\/uploads\/2024\/01\/portrait-of-construction-engineers-working-on-J9KU7NC.png\",\"datePublished\":\"2024-01-07T12:16:39+00:00\",\"dateModified\":\"2024-01-26T12:14:46+00:00\",\"breadcrumb\":{\"@id\":\"https:\/\/xn--bodenheizungfrsen-3qb.ch\/?page_id=168#breadcrumb\"},\"inLanguage\":\"de\",\"potentialAction\":[{\"@type\":\"ReadAction\",\"target\":[\"https:\/\/xn--bodenheizungfrsen-3qb.ch\/?page_id=168\"]}]},{\"@type\":\"ImageObject\",\"inLanguage\":\"de\",\"@id\":\"https:\/\/xn--bodenheizungfrsen-3qb.ch\/?page_id=168#primaryimage\",\"url\":\"https:\/\/xn--bodenheizungfrsen-3qb.ch\/wp-content\/uploads\/2024\/01\/portrait-of-construction-engineers-working-on-J9KU7NC.png\",\"contentUrl\":\"https:\/\/xn--bodenheizungfrsen-3qb.ch\/wp-content\/uploads\/2024\/01\/portrait-of-construction-engineers-working-on-J9KU7NC.png\",\"width\":4916,\"height\":2791},{\"@type\":\"BreadcrumbList\",\"@id\":\"https:\/\/xn--bodenheizungfrsen-3qb.ch\/?page_id=168#breadcrumb\",\"itemListElement\":[{\"@type\":\"ListItem\",\"position\":1,\"name\":\"Startseite\",\"item\":\"https:\/\/xn--bodenheizungfrsen-3qb.ch\/\"},{\"@type\":\"ListItem\",\"position\":2,\"name\":\"Team\"}]},{\"@type\":\"WebSite\",\"@id\":\"https:\/\/xn--bodenheizungfrsen-3qb.ch\/#website\",\"url\":\"https:\/\/xn--bodenheizungfrsen-3qb.ch\/\",\"name\":\"BODENHEIZUNGFR\u00c4SEN\",\"description\":\"BHF-System bietet ein innovatives Einfr\u00e4ssystem f\u00fcr fast jeden Untergrund. Wir sind die Profis wenn es um eingefr\u00e4ste Fussbodenheizung geht.\",\"publisher\":{\"@id\":\"https:\/\/xn--bodenheizungfrsen-3qb.ch\/#organization\"},\"potentialAction\":[{\"@type\":\"SearchAction\",\"target\":{\"@type\":\"EntryPoint\",\"urlTemplate\":\"https:\/\/xn--bodenheizungfrsen-3qb.ch\/?s={search_term_string}\"},\"query-input\":{\"@type\":\"PropertyValueSpecification\",\"valueRequired\":true,\"valueName\":\"search_term_string\"}}],\"inLanguage\":\"de\"},{\"@type\":\"Organization\",\"@id\":\"https:\/\/xn--bodenheizungfrsen-3qb.ch\/#organization\",\"name\":\"BODENHEIZUNGFR\u00c4SEN\",\"url\":\"https:\/\/xn--bodenheizungfrsen-3qb.ch\/\",\"logo\":{\"@type\":\"ImageObject\",\"inLanguage\":\"de\",\"@id\":\"https:\/\/xn--bodenheizungfrsen-3qb.ch\/#\/schema\/logo\/image\/\",\"url\":\"https:\/\/xn--bodenheizungfrsen-3qb.ch\/wp-content\/uploads\/2024\/01\/cropped-Screenshot-LOGO-1.png\",\"contentUrl\":\"https:\/\/xn--bodenheizungfrsen-3qb.ch\/wp-content\/uploads\/2024\/01\/cropped-Screenshot-LOGO-1.png\",\"width\":1269,\"height\":578,\"caption\":\"BODENHEIZUNGFR\u00c4SEN\"},\"image\":{\"@id\":\"https:\/\/xn--bodenheizungfrsen-3qb.ch\/#\/schema\/logo\/image\/\"}}]}<\/script>\n<!-- \/ Yoast SEO plugin. -->","yoast_head_json":{"title":"Team - BODENHEIZUNGFR\u00c4SEN","robots":{"index":"index","follow":"follow","max-snippet":"max-snippet:-1","max-image-preview":"max-image-preview:large","max-video-preview":"max-video-preview:-1"},"canonical":"https:\/\/xn--bodenheizungfrsen-3qb.ch\/?page_id=168","og_locale":"de_DE","og_type":"article","og_title":"Team - BODENHEIZUNGFR\u00c4SEN","og_description":"Thomas Caspar Gesch\u00e4ftf\u00fchrer \/ Firmeninhaber EFZ Plattenleger Zertifizierter Drohnenpilot Webmaster \u00dcber mi: Der Ma mit der Johralenger Baustellen erfahrig. ma ka s\u00e4ga vu A-Z in verschiedana bereich.\u00a0 Mis Motto: Der [&hellip;]","og_url":"https:\/\/xn--bodenheizungfrsen-3qb.ch\/?page_id=168","og_site_name":"BODENHEIZUNGFR\u00c4SEN","article_modified_time":"2024-01-26T12:14:46+00:00","og_image":[{"width":1024,"height":581,"url":"https:\/\/xn--bodenheizungfrsen-3qb.ch\/wp-content\/uploads\/2024\/01\/portrait-of-construction-engineers-working-on-J9KU7NC-1024x581.png","type":"image\/png"}],"twitter_card":"summary_large_image","twitter_misc":{"Gesch\u00e4tzte Lesezeit":"3\u00a0Minuten"},"schema":{"@context":"https:\/\/schema.org","@graph":[{"@type":"WebPage","@id":"https:\/\/xn--bodenheizungfrsen-3qb.ch\/?page_id=168","url":"https:\/\/xn--bodenheizungfrsen-3qb.ch\/?page_id=168","name":"Team - BODENHEIZUNGFR\u00c4SEN","isPartOf":{"@id":"https:\/\/xn--bodenheizungfrsen-3qb.ch\/#website"},"primaryImageOfPage":{"@id":"https:\/\/xn--bodenheizungfrsen-3qb.ch\/?page_id=168#primaryimage"},"image":{"@id":"https:\/\/xn--bodenheizungfrsen-3qb.ch\/?page_id=168#primaryimage"},"thumbnailUrl":"https:\/\/xn--bodenheizungfrsen-3qb.ch\/wp-content\/uploads\/2024\/01\/portrait-of-construction-engineers-working-on-J9KU7NC.png","datePublished":"2024-01-07T12:16:39+00:00","dateModified":"2024-01-26T12:14:46+00:00","breadcrumb":{"@id":"https:\/\/xn--bodenheizungfrsen-3qb.ch\/?page_id=168#breadcrumb"},"inLanguage":"de","potentialAction":[{"@type":"ReadAction","target":["https:\/\/xn--bodenheizungfrsen-3qb.ch\/?page_id=168"]}]},{"@type":"ImageObject","inLanguage":"de","@id":"https:\/\/xn--bodenheizungfrsen-3qb.ch\/?page_id=168#primaryimage","url":"https:\/\/xn--bodenheizungfrsen-3qb.ch\/wp-content\/uploads\/2024\/01\/portrait-of-construction-engineers-working-on-J9KU7NC.png","contentUrl":"https:\/\/xn--bodenheizungfrsen-3qb.ch\/wp-content\/uploads\/2024\/01\/portrait-of-construction-engineers-working-on-J9KU7NC.png","width":4916,"height":2791},{"@type":"BreadcrumbList","@id":"https:\/\/xn--bodenheizungfrsen-3qb.ch\/?page_id=168#breadcrumb","itemListElement":[{"@type":"ListItem","position":1,"name":"Startseite","item":"https:\/\/xn--bodenheizungfrsen-3qb.ch\/"},{"@type":"ListItem","position":2,"name":"Team"}]},{"@type":"WebSite","@id":"https:\/\/xn--bodenheizungfrsen-3qb.ch\/#website","url":"https:\/\/xn--bodenheizungfrsen-3qb.ch\/","name":"BODENHEIZUNGFR\u00c4SEN","description":"BHF-System bietet ein innovatives Einfr\u00e4ssystem f\u00fcr fast jeden Untergrund. Wir sind die Profis wenn es um eingefr\u00e4ste Fussbodenheizung geht.","publisher":{"@id":"https:\/\/xn--bodenheizungfrsen-3qb.ch\/#organization"},"potentialAction":[{"@type":"SearchAction","target":{"@type":"EntryPoint","urlTemplate":"https:\/\/xn--bodenheizungfrsen-3qb.ch\/?s={search_term_string}"},"query-input":{"@type":"PropertyValueSpecification","valueRequired":true,"valueName":"search_term_string"}}],"inLanguage":"de"},{"@type":"Organization","@id":"https:\/\/xn--bodenheizungfrsen-3qb.ch\/#organization","name":"BODENHEIZUNGFR\u00c4SEN","url":"https:\/\/xn--bodenheizungfrsen-3qb.ch\/","logo":{"@type":"ImageObject","inLanguage":"de","@id":"https:\/\/xn--bodenheizungfrsen-3qb.ch\/#\/schema\/logo\/image\/","url":"https:\/\/xn--bodenheizungfrsen-3qb.ch\/wp-content\/uploads\/2024\/01\/cropped-Screenshot-LOGO-1.png","contentUrl":"https:\/\/xn--bodenheizungfrsen-3qb.ch\/wp-content\/uploads\/2024\/01\/cropped-Screenshot-LOGO-1.png","width":1269,"height":578,"caption":"BODENHEIZUNGFR\u00c4SEN"},"image":{"@id":"https:\/\/xn--bodenheizungfrsen-3qb.ch\/#\/schema\/logo\/image\/"}}]}},"uagb_featured_image_src":{"full":["https:\/\/xn--bodenheizungfrsen-3qb.ch\/wp-content\/uploads\/2024\/01\/portrait-of-construction-engineers-working-on-J9KU7NC.png",4916,2791,false],"thumbnail":["https:\/\/xn--bodenheizungfrsen-3qb.ch\/wp-content\/uploads\/2024\/01\/portrait-of-construction-engineers-working-on-J9KU7NC-150x150.png",150,150,true],"medium":["https:\/\/xn--bodenheizungfrsen-3qb.ch\/wp-content\/uploads\/2024\/01\/portrait-of-construction-engineers-working-on-J9KU7NC-300x170.png",300,170,true],"medium_large":["https:\/\/xn--bodenheizungfrsen-3qb.ch\/wp-content\/uploads\/2024\/01\/portrait-of-construction-engineers-working-on-J9KU7NC-768x436.png",640,363,true],"large":["https:\/\/xn--bodenheizungfrsen-3qb.ch\/wp-content\/uploads\/2024\/01\/portrait-of-construction-engineers-working-on-J9KU7NC-1024x581.png",640,363,true],"1536x1536":["https:\/\/xn--bodenheizungfrsen-3qb.ch\/wp-content\/uploads\/2024\/01\/portrait-of-construction-engineers-working-on-J9KU7NC-1536x872.png",1536,872,true],"2048x2048":["https:\/\/xn--bodenheizungfrsen-3qb.ch\/wp-content\/uploads\/2024\/01\/portrait-of-construction-engineers-working-on-J9KU7NC-2048x1163.png",2048,1163,true],"blogbee-blog":["https:\/\/xn--bodenheizungfrsen-3qb.ch\/wp-content\/uploads\/2024\/01\/portrait-of-construction-engineers-working-on-J9KU7NC-500x500.png",500,500,true]},"uagb_author_info":{"display_name":"admin","author_link":"https:\/\/xn--bodenheizungfrsen-3qb.ch\/?author=1"},"uagb_comment_info":0,"uagb_excerpt":"Thomas Caspar Gesch\u00e4ftf\u00fchrer \/ Firmeninhaber EFZ Plattenleger Zertifizierter Drohnenpilot Webmaster \u00dcber mi: Der Ma mit der Johralenger Baustellen erfahrig. ma ka s\u00e4ga vu A-Z in verschiedana bereich.\u00a0 Mis Motto: Der [&hellip;]","_links":{"self":[{"href":"https:\/\/xn--bodenheizungfrsen-3qb.ch\/index.php?rest_route=\/wp\/v2\/pages\/168","targetHints":{"allow":["GET"]}}],"collection":[{"href":"https:\/\/xn--bodenheizungfrsen-3qb.ch\/index.php?rest_route=\/wp\/v2\/pages"}],"about":[{"href":"https:\/\/xn--bodenheizungfrsen-3qb.ch\/index.php?rest_route=\/wp\/v2\/types\/page"}],"author":[{"embeddable":true,"href":"https:\/\/xn--bodenheizungfrsen-3qb.ch\/index.php?rest_route=\/wp\/v2\/users\/1"}],"replies":[{"embeddable":true,"href":"https:\/\/xn--bodenheizungfrsen-3qb.ch\/index.php?rest_route=%2Fwp%2Fv2%2Fcomments&post=168"}],"version-history":[{"count":152,"href":"https:\/\/xn--bodenheizungfrsen-3qb.ch\/index.php?rest_route=\/wp\/v2\/pages\/168\/revisions"}],"predecessor-version":[{"id":1946,"href":"https:\/\/xn--bodenheizungfrsen-3qb.ch\/index.php?rest_route=\/wp\/v2\/pages\/168\/revisions\/1946"}],"wp:featuredmedia":[{"embeddable":true,"href":"https:\/\/xn--bodenheizungfrsen-3qb.ch\/index.php?rest_route=\/wp\/v2\/media\/1674"}],"wp:attachment":[{"href":"https:\/\/xn--bodenheizungfrsen-3qb.ch\/index.php?rest_route=%2Fwp%2Fv2%2Fmedia&parent=168"}],"curies":[{"name":"wp","href":"https:\/\/api.w.org\/{rel}","templated":true}]}}